{"id":189,"date":"2020-12-31T11:37:04","date_gmt":"2020-12-31T11:37:04","guid":{"rendered":"http:\/\/vilamorgades.es\/?page_id=189"},"modified":"2022-10-21T16:48:28","modified_gmt":"2022-10-21T16:48:28","slug":"experiencias","status":"publish","type":"page","link":"https:\/\/vilamorgades.es\/?page_id=189","title":{"rendered":"Experiencias"},"content":{"rendered":"\t\t<div data-elementor-type=\"wp-page\" data-elementor-id=\"189\" class=\"elementor elementor-189\">\n\t\t\t\t\t\t\t\t\t<section class=\"elementor-section elementor-top-section elementor-element elementor-element-42d7b66 elementor-section-boxed elementor-section-height-default elementor-section-height-default\" data-id=\"42d7b66\" data-element_type=\"section\">\n\t\t\t\t\t\t<div class=\"elementor-container elementor-column-gap-default\">\n\t\t\t\t\t<div class=\"elementor-column elementor-col-100 elementor-top-column elementor-element elementor-element-18f818e\" data-id=\"18f818e\" data-element_type=\"column\">\n\t\t\t<div class=\"elementor-widget-wrap elementor-element-populated\">\n\t\t\t\t\t\t\t\t<div class=\"elementor-element elementor-element-a723790 elementor-widget elementor-widget-text-editor\" data-id=\"a723790\" data-element_type=\"widget\" data-widget_type=\"text-editor.default\">\n\t\t\t\t<div class=\"elementor-widget-container\">\n\t\t\t\t\t\t\t<h3><span style=\"color: #aa0038;\">Visitanos<br><\/span><\/h3>\n<p>Disfrute con nosotros de unas experiencias incomparables en un entorno natural. Las visitas est\u00e1n disponibles en idioma catal\u00e1n, castellano, ingl\u00e9s e italiano. Todas las visitas empiezan a las 11h del mediod\u00eda y tienen una duraci\u00f3n de 1 hora y media aproximadamente. Para hacer su reserva, env\u00ede un mensaje especificando el tipo de visita que desea y el d\u00eda que le va bien,&nbsp;<a href=\"https:\/\/vilamorgades.es\/?page_id=40\">aqu\u00ed<\/a>.<\/p>\n<figure><\/figure>\t\t\t\t\t\t<\/div>\n\t\t\t\t<\/div>\n\t\t\t\t\t<\/div>\n\t\t<\/div>\n\t\t\t\t\t\t\t<\/div>\n\t\t<\/section>\n\t\t\t\t<section class=\"elementor-section elementor-top-section elementor-element elementor-element-47d1623a elementor-section-boxed elementor-section-height-default elementor-section-height-default\" data-id=\"47d1623a\" data-element_type=\"section\">\n\t\t\t\t\t\t<div class=\"elementor-container elementor-column-gap-default\">\n\t\t\t\t\t<div class=\"elementor-column elementor-col-100 elementor-top-column elementor-element elementor-element-3d1d25e7\" data-id=\"3d1d25e7\" data-element_type=\"column\">\n\t\t\t<div class=\"elementor-widget-wrap elementor-element-populated\">\n\t\t\t\t\t\t\t\t<div class=\"elementor-element elementor-element-4e4a9274 elementor-widget elementor-widget-text-editor\" data-id=\"4e4a9274\" data-element_type=\"widget\" data-widget_type=\"text-editor.default\">\n\t\t\t\t<div class=\"elementor-widget-container\">\n\t\t\t\t\t\t\t<h4 style=\"text-align: center;\"><span style=\"color: #aa0038;\"><em>Visita B\u00e1sica<\/em><\/span><\/h4><figure><figcaption><\/figcaption><\/figure>\t\t\t\t\t\t<\/div>\n\t\t\t\t<\/div>\n\t\t\t\t\t<\/div>\n\t\t<\/div>\n\t\t\t\t\t\t\t<\/div>\n\t\t<\/section>\n\t\t\t\t<section class=\"elementor-section elementor-top-section elementor-element elementor-element-fb57598 elementor-section-boxed elementor-section-height-default elementor-section-height-default\" data-id=\"fb57598\" data-element_type=\"section\">\n\t\t\t\t\t\t<div class=\"elementor-container elementor-column-gap-default\">\n\t\t\t\t\t<div class=\"elementor-column elementor-col-50 elementor-top-column elementor-element elementor-element-5dd5be4\" data-id=\"5dd5be4\" data-element_type=\"column\">\n\t\t\t<div class=\"elementor-widget-wrap elementor-element-populated\">\n\t\t\t\t\t\t\t\t<div class=\"elementor-element elementor-element-9f0aaa5 elementor-widget elementor-widget-text-editor\" data-id=\"9f0aaa5\" data-element_type=\"widget\" data-widget_type=\"text-editor.default\">\n\t\t\t\t<div class=\"elementor-widget-container\">\n\t\t\t\t\t\t\t<p>Nuestra visita introductoria para aprender c\u00f3mo se elabora el cava, el m\u00e9todo utilizado y el proceso de elaboraci\u00f3n. Conoceremos Cal Vila, visitaremos la &#8216;cava&#8217;, pasearemos por los vi\u00f1edos y terminaremos con una peque\u00f1a cata de nuestros cavas.<\/p><p>\u00bfQu\u00e9 incluye?<\/p><ul><li>Visita guiada a la bodega, los vi\u00f1edos y el entorno de Cal Vila.<\/li><li>Cata de nuestros cavas.<\/li><\/ul><p>Precio: 12\u20ac por persona\u00a0\u00a0<\/p><p>Reserve <a href=\"https:\/\/vilamorgades.es\/?page_id=40\">aqu\u00ed<\/a>.<\/p><figure><figcaption><\/figcaption><\/figure>\t\t\t\t\t\t<\/div>\n\t\t\t\t<\/div>\n\t\t\t\t\t<\/div>\n\t\t<\/div>\n\t\t\t\t<div class=\"elementor-column elementor-col-50 elementor-top-column elementor-element elementor-element-616eb8f\" data-id=\"616eb8f\" data-element_type=\"column\">\n\t\t\t<div class=\"elementor-widget-wrap elementor-element-populated\">\n\t\t\t\t\t\t\t\t<div class=\"elementor-element elementor-element-6fc7667 elementor-widget elementor-widget-image\" data-id=\"6fc7667\" data-element_type=\"widget\" data-widget_type=\"image.default\">\n\t\t\t\t<div class=\"elementor-widget-container\">\n\t\t\t\t\t\t\t\t\t\t\t\t\t\t\t<img loading=\"lazy\" decoding=\"async\" width=\"768\" height=\"1024\" src=\"https:\/\/vilamorgades.es\/wp-content\/uploads\/2021\/01\/Cal-Vila-1-scaled.jpg\" class=\"attachment-large size-large wp-image-1548\" alt=\"\" srcset=\"https:\/\/vilamorgades.es\/wp-content\/uploads\/2021\/01\/Cal-Vila-1-scaled.jpg 1920w, https:\/\/vilamorgades.es\/wp-content\/uploads\/2021\/01\/Cal-Vila-1-225x300.jpg 225w\" sizes=\"auto, (max-width: 768px) 100vw, 768px\" \/>\t\t\t\t\t\t\t\t\t\t\t\t\t\t\t<\/div>\n\t\t\t\t<\/div>\n\t\t\t\t\t<\/div>\n\t\t<\/div>\n\t\t\t\t\t\t\t<\/div>\n\t\t<\/section>\n\t\t\t\t<section class=\"elementor-section elementor-top-section elementor-element elementor-element-0309a73 elementor-section-boxed elementor-section-height-default elementor-section-height-default\" data-id=\"0309a73\" data-element_type=\"section\">\n\t\t\t\t\t\t<div class=\"elementor-container elementor-column-gap-default\">\n\t\t\t\t\t<div class=\"elementor-column elementor-col-100 elementor-top-column elementor-element elementor-element-50e809c\" data-id=\"50e809c\" data-element_type=\"column\">\n\t\t\t<div class=\"elementor-widget-wrap elementor-element-populated\">\n\t\t\t\t\t\t\t\t<div class=\"elementor-element elementor-element-1c3252e elementor-widget elementor-widget-text-editor\" data-id=\"1c3252e\" data-element_type=\"widget\" data-widget_type=\"text-editor.default\">\n\t\t\t\t<div class=\"elementor-widget-container\">\n\t\t\t\t\t\t\t<h4 style=\"text-align: center;\"><span style=\"color: #aa0038;\"><em>Visita Quesos<\/em><\/span><\/h4><figure><\/figure>\t\t\t\t\t\t<\/div>\n\t\t\t\t<\/div>\n\t\t\t\t\t<\/div>\n\t\t<\/div>\n\t\t\t\t\t\t\t<\/div>\n\t\t<\/section>\n\t\t\t\t<section class=\"elementor-section elementor-top-section elementor-element elementor-element-a1f6913 elementor-section-boxed elementor-section-height-default elementor-section-height-default\" data-id=\"a1f6913\" data-element_type=\"section\">\n\t\t\t\t\t\t<div class=\"elementor-container elementor-column-gap-default\">\n\t\t\t\t\t<div class=\"elementor-column elementor-col-50 elementor-top-column elementor-element elementor-element-0956054\" data-id=\"0956054\" data-element_type=\"column\">\n\t\t\t<div class=\"elementor-widget-wrap elementor-element-populated\">\n\t\t\t\t\t\t\t\t<div class=\"elementor-element elementor-element-178d2f5 elementor-widget elementor-widget-image\" data-id=\"178d2f5\" data-element_type=\"widget\" data-widget_type=\"image.default\">\n\t\t\t\t<div class=\"elementor-widget-container\">\n\t\t\t\t\t\t\t\t\t\t\t\t\t\t\t<img loading=\"lazy\" decoding=\"async\" width=\"768\" height=\"1024\" src=\"https:\/\/vilamorgades.es\/wp-content\/uploads\/2022\/03\/IMG_20210403_123345-768x1024.jpg\" class=\"attachment-large size-large wp-image-3192\" alt=\"\" srcset=\"https:\/\/vilamorgades.es\/wp-content\/uploads\/2022\/03\/IMG_20210403_123345-768x1024.jpg 768w, https:\/\/vilamorgades.es\/wp-content\/uploads\/2022\/03\/IMG_20210403_123345-225x300.jpg 225w, https:\/\/vilamorgades.es\/wp-content\/uploads\/2022\/03\/IMG_20210403_123345-1152x1536.jpg 1152w, https:\/\/vilamorgades.es\/wp-content\/uploads\/2022\/03\/IMG_20210403_123345-1536x2048.jpg 1536w, https:\/\/vilamorgades.es\/wp-content\/uploads\/2022\/03\/IMG_20210403_123345-45x60.jpg 45w, https:\/\/vilamorgades.es\/wp-content\/uploads\/2022\/03\/IMG_20210403_123345-scaled.jpg 1920w\" sizes=\"auto, (max-width: 768px) 100vw, 768px\" \/>\t\t\t\t\t\t\t\t\t\t\t\t\t\t\t<\/div>\n\t\t\t\t<\/div>\n\t\t\t\t\t<\/div>\n\t\t<\/div>\n\t\t\t\t<div class=\"elementor-column elementor-col-50 elementor-top-column elementor-element elementor-element-4c410d0\" data-id=\"4c410d0\" data-element_type=\"column\">\n\t\t\t<div class=\"elementor-widget-wrap elementor-element-populated\">\n\t\t\t\t\t\t\t\t<div class=\"elementor-element elementor-element-6380e3a elementor-widget elementor-widget-text-editor\" data-id=\"6380e3a\" data-element_type=\"widget\" data-widget_type=\"text-editor.default\">\n\t\t\t\t<div class=\"elementor-widget-container\">\n\t\t\t\t\t\t\t<p>Combinar vino (en este caso espumoso) con queso, siempre es un acierto, ya lo descubrieron los franceses. Amantes de los quesos, \u00e9sa es su opci\u00f3n segura.<\/p>\n<p>\u00bfQu\u00e9 incluye?<\/p>\n<ul>\n<li>Visita guiada a la bodega, a los vi\u00f1edos y al entorno de Cal Vila.<\/li>\n<li>Cata de los cavas acompa\u00f1ados de una selecci\u00f3n de quesos.<\/li>\n<\/ul>\n<p>Precio: 18\u20ac por persona&nbsp;<\/p>\n<p>Reserve <a href=\"https:\/\/vilamorgades.es\/?page_id=40\">aqu\u00ed<\/a>.<\/p>\n<figure><\/figure>\t\t\t\t\t\t<\/div>\n\t\t\t\t<\/div>\n\t\t\t\t\t<\/div>\n\t\t<\/div>\n\t\t\t\t\t\t\t<\/div>\n\t\t<\/section>\n\t\t\t\t<section class=\"elementor-section elementor-top-section elementor-element elementor-element-178df27 elementor-section-boxed elementor-section-height-default elementor-section-height-default\" data-id=\"178df27\" data-element_type=\"section\">\n\t\t\t\t\t\t<div class=\"elementor-container elementor-column-gap-default\">\n\t\t\t\t\t<div class=\"elementor-column elementor-col-100 elementor-top-column elementor-element elementor-element-cde7680\" data-id=\"cde7680\" data-element_type=\"column\">\n\t\t\t<div class=\"elementor-widget-wrap elementor-element-populated\">\n\t\t\t\t\t\t\t\t<div class=\"elementor-element elementor-element-d902196 elementor-widget elementor-widget-text-editor\" data-id=\"d902196\" data-element_type=\"widget\" data-widget_type=\"text-editor.default\">\n\t\t\t\t<div class=\"elementor-widget-container\">\n\t\t\t\t\t\t\t<h4 style=\"text-align: center;\"><span style=\"color: #aa0038;\"><em>Visita Saludable<\/em><\/span><\/h4><figure><figcaption><\/figcaption><\/figure>\t\t\t\t\t\t<\/div>\n\t\t\t\t<\/div>\n\t\t\t\t\t<\/div>\n\t\t<\/div>\n\t\t\t\t\t\t\t<\/div>\n\t\t<\/section>\n\t\t\t\t<section class=\"elementor-section elementor-top-section elementor-element elementor-element-42ae15a elementor-section-boxed elementor-section-height-default elementor-section-height-default\" data-id=\"42ae15a\" data-element_type=\"section\">\n\t\t\t\t\t\t<div class=\"elementor-container elementor-column-gap-default\">\n\t\t\t\t\t<div class=\"elementor-column elementor-col-50 elementor-top-column elementor-element elementor-element-1d290e8\" data-id=\"1d290e8\" data-element_type=\"column\">\n\t\t\t<div class=\"elementor-widget-wrap elementor-element-populated\">\n\t\t\t\t\t\t\t\t<div class=\"elementor-element elementor-element-cfdfa03 elementor-widget elementor-widget-text-editor\" data-id=\"cfdfa03\" data-element_type=\"widget\" data-widget_type=\"text-editor.default\">\n\t\t\t\t<div class=\"elementor-widget-container\">\n\t\t\t\t\t\t\t<p>Esta visita es la opci\u00f3n perfecta para los m\u00e1s saludables. Amantes de la vida sana, de la comida healthy, tenemos un <i>maridaje<\/i>&nbsp;ideal.&nbsp;<\/p>\n<p>\u00bfQu\u00e9 incluye?<\/p>\n<ul>\n<li>Visita a la bodega, los vi\u00f1edos y el entorno de Cal Vila<\/li>\n<li>Cata de los cavas acompa\u00f1ados de un <i>maridaje<\/i>&nbsp;saludable (queso artesanal, pan de pay\u00e9s, hummus, fruta de temporada, etc.)<\/li>\n<\/ul>\n<p>Precio: 18\u20ac por persona<\/p>\n<p><\/p>\n<p>Reserve <a href=\"https:\/\/vilamorgades.es\/?page_id=40\">aqu\u00ed<\/a>.<\/p>\n<figure>\n<figcaption><\/figcaption>\n<\/figure>\t\t\t\t\t\t<\/div>\n\t\t\t\t<\/div>\n\t\t\t\t\t<\/div>\n\t\t<\/div>\n\t\t\t\t<div class=\"elementor-column elementor-col-50 elementor-top-column elementor-element elementor-element-f423a9f\" data-id=\"f423a9f\" data-element_type=\"column\">\n\t\t\t<div class=\"elementor-widget-wrap elementor-element-populated\">\n\t\t\t\t\t\t\t\t<div class=\"elementor-element elementor-element-4dd06bc elementor-widget elementor-widget-image\" data-id=\"4dd06bc\" data-element_type=\"widget\" data-widget_type=\"image.default\">\n\t\t\t\t<div class=\"elementor-widget-container\">\n\t\t\t\t\t\t\t\t\t\t\t\t\t\t\t<img loading=\"lazy\" decoding=\"async\" width=\"768\" height=\"1024\" src=\"https:\/\/vilamorgades.es\/wp-content\/uploads\/2021\/01\/IMG_20200222_115950-scaled.jpg\" class=\"attachment-large size-large wp-image-1590\" alt=\"\" srcset=\"https:\/\/vilamorgades.es\/wp-content\/uploads\/2021\/01\/IMG_20200222_115950-scaled.jpg 1920w, https:\/\/vilamorgades.es\/wp-content\/uploads\/2021\/01\/IMG_20200222_115950-225x300.jpg 225w\" sizes=\"auto, (max-width: 768px) 100vw, 768px\" \/>\t\t\t\t\t\t\t\t\t\t\t\t\t\t\t<\/div>\n\t\t\t\t<\/div>\n\t\t\t\t\t<\/div>\n\t\t<\/div>\n\t\t\t\t\t\t\t<\/div>\n\t\t<\/section>\n\t\t\t\t<section class=\"elementor-section elementor-top-section elementor-element elementor-element-cde664b elementor-section-boxed elementor-section-height-default elementor-section-height-default\" data-id=\"cde664b\" data-element_type=\"section\">\n\t\t\t\t\t\t<div class=\"elementor-container elementor-column-gap-default\">\n\t\t\t\t\t<div class=\"elementor-column elementor-col-100 elementor-top-column elementor-element elementor-element-48e823c\" data-id=\"48e823c\" data-element_type=\"column\">\n\t\t\t<div class=\"elementor-widget-wrap elementor-element-populated\">\n\t\t\t\t\t\t\t\t<div class=\"elementor-element elementor-element-22d7833 elementor-widget elementor-widget-text-editor\" data-id=\"22d7833\" data-element_type=\"widget\" data-widget_type=\"text-editor.default\">\n\t\t\t\t<div class=\"elementor-widget-container\">\n\t\t\t\t\t\t\t<h4 style=\"text-align: center;\"><span style=\"color: #aa0038;\"><em>Visita de Mar<\/em><\/span><\/h4><figure><\/figure>\t\t\t\t\t\t<\/div>\n\t\t\t\t<\/div>\n\t\t\t\t\t<\/div>\n\t\t<\/div>\n\t\t\t\t\t\t\t<\/div>\n\t\t<\/section>\n\t\t\t\t<section class=\"elementor-section elementor-top-section elementor-element elementor-element-8742b5f elementor-section-boxed elementor-section-height-default elementor-section-height-default\" data-id=\"8742b5f\" data-element_type=\"section\">\n\t\t\t\t\t\t<div class=\"elementor-container elementor-column-gap-default\">\n\t\t\t\t\t<div class=\"elementor-column elementor-col-50 elementor-top-column elementor-element elementor-element-663f15d\" data-id=\"663f15d\" data-element_type=\"column\">\n\t\t\t<div class=\"elementor-widget-wrap elementor-element-populated\">\n\t\t\t\t\t\t\t\t<div class=\"elementor-element elementor-element-d1144b8 elementor-widget elementor-widget-image\" data-id=\"d1144b8\" data-element_type=\"widget\" data-widget_type=\"image.default\">\n\t\t\t\t<div class=\"elementor-widget-container\">\n\t\t\t\t\t\t\t\t\t\t\t\t\t\t\t<img loading=\"lazy\" decoding=\"async\" width=\"768\" height=\"1024\" src=\"https:\/\/vilamorgades.es\/wp-content\/uploads\/2021\/01\/IMG_20191225_140547-2-scaled-1-768x1024.jpg\" class=\"attachment-large size-large wp-image-2447\" alt=\"\" srcset=\"https:\/\/vilamorgades.es\/wp-content\/uploads\/2021\/01\/IMG_20191225_140547-2-scaled-1-768x1024.jpg 768w, https:\/\/vilamorgades.es\/wp-content\/uploads\/2021\/01\/IMG_20191225_140547-2-scaled-1-225x300.jpg 225w, https:\/\/vilamorgades.es\/wp-content\/uploads\/2021\/01\/IMG_20191225_140547-2-scaled-1-1152x1536.jpg 1152w, https:\/\/vilamorgades.es\/wp-content\/uploads\/2021\/01\/IMG_20191225_140547-2-scaled-1-1536x2048.jpg 1536w, https:\/\/vilamorgades.es\/wp-content\/uploads\/2021\/01\/IMG_20191225_140547-2-scaled-1-45x60.jpg 45w, https:\/\/vilamorgades.es\/wp-content\/uploads\/2021\/01\/IMG_20191225_140547-2-scaled-1.jpg 1920w\" sizes=\"auto, (max-width: 768px) 100vw, 768px\" \/>\t\t\t\t\t\t\t\t\t\t\t\t\t\t\t<\/div>\n\t\t\t\t<\/div>\n\t\t\t\t\t<\/div>\n\t\t<\/div>\n\t\t\t\t<div class=\"elementor-column elementor-col-50 elementor-top-column elementor-element elementor-element-4a41229\" data-id=\"4a41229\" data-element_type=\"column\">\n\t\t\t<div class=\"elementor-widget-wrap elementor-element-populated\">\n\t\t\t\t\t\t\t\t<div class=\"elementor-element elementor-element-3bdd6b3 elementor-widget elementor-widget-text-editor\" data-id=\"3bdd6b3\" data-element_type=\"widget\" data-widget_type=\"text-editor.default\">\n\t\t\t\t<div class=\"elementor-widget-container\">\n\t\t\t\t\t\t\t<p>\u00bfSaben qu\u00e9 marida muy bien con las burbujas? El pescado! Aprovechando nuestra cercan\u00eda con el mar (estamos a menos de 20km de Vilanova y la Geltr\u00fa), les proponemos un maridaje mar\u00edtimo.<\/p>\n<p>Qu\u00e9 incluye?<\/p>\n<ul>\n<li>Visita a la bodega, los vi\u00f1edos y el entorno de Cal Vila<\/li>\n<li>Cata de los cavas acompa\u00f1ados de un <i>aperitivo de mar; <\/i>que incluye salm\u00f3n ahumado, anchoas, boquerones, brandada de bacalao, etc.<\/li>\n<\/ul>\n<p>Precio: 25\u20ac por persona<\/p>\n<p>Reserve <a href=\"https:\/\/vilamorgades.es\/?page_id=40\">aqu\u00ed<\/a>.<\/p>\n<figure><\/figure>\t\t\t\t\t\t<\/div>\n\t\t\t\t<\/div>\n\t\t\t\t\t<\/div>\n\t\t<\/div>\n\t\t\t\t\t\t\t<\/div>\n\t\t<\/section>\n\t\t\t\t<section class=\"elementor-section elementor-top-section elementor-element elementor-element-c01c960 elementor-section-full_width elementor-section-height-default elementor-section-height-default\" data-id=\"c01c960\" data-element_type=\"section\">\n\t\t\t\t\t\t<div class=\"elementor-container elementor-column-gap-wide\">\n\t\t\t\t\t<div class=\"elementor-column elementor-col-50 elementor-top-column elementor-element elementor-element-f990131\" data-id=\"f990131\" data-element_type=\"column\">\n\t\t\t<div class=\"elementor-widget-wrap elementor-element-populated\">\n\t\t\t\t\t\t\t\t<div class=\"elementor-element elementor-element-3efa905 elementor-widget elementor-widget-text-editor\" data-id=\"3efa905\" data-element_type=\"widget\" data-widget_type=\"text-editor.default\">\n\t\t\t\t<div class=\"elementor-widget-container\">\n\t\t\t\t\t\t\t<h4><span style=\"color: #aa0038;\">Experiencias a medida<\/span><\/h4><p>Se pueden organizar experiencias a medida para grupos de a partir de 2 personas, bajo petici\u00f3n, utilizando el formulario de la\u00a0<a href=\"https:\/\/vilamorgades.es\/?page_id=40\">p\u00e1gina de contacto<\/a>.<\/p>\t\t\t\t\t\t<\/div>\n\t\t\t\t<\/div>\n\t\t\t\t\t<\/div>\n\t\t<\/div>\n\t\t\t\t<div class=\"elementor-column elementor-col-50 elementor-top-column elementor-element elementor-element-16021ca\" data-id=\"16021ca\" data-element_type=\"column\">\n\t\t\t<div class=\"elementor-widget-wrap elementor-element-populated\">\n\t\t\t\t\t\t\t\t<div class=\"elementor-element elementor-element-80e9970 elementor-widget elementor-widget-text-editor\" data-id=\"80e9970\" data-element_type=\"widget\" data-widget_type=\"text-editor.default\">\n\t\t\t\t<div class=\"elementor-widget-container\">\n\t\t\t\t\t\t\t<p>\u00a0<\/p>\n<h4><span style=\"color: #aa0038;\">Actividades mensuales<\/span><\/h4>\n<p>Adem\u00e1s, Vila Morgades organiza experiencias programadas cada mes en las que puede tomar parte de forma individual o en grupo.<\/p>\t\t\t\t\t\t<\/div>\n\t\t\t\t<\/div>\n\t\t\t\t\t<\/div>\n\t\t<\/div>\n\t\t\t\t\t\t\t<\/div>\n\t\t<\/section>\n\t\t\t\t\t\t\t<\/div>\n\t\t","protected":false},"excerpt":{"rendered":"<p>Visitanos Disfrute con nosotros de unas experiencias incomparables en un entorno natural. Las visitas est\u00e1n disponibles en idioma catal\u00e1n, castellano, &hellip; <\/p>\n","protected":false},"author":1,"featured_media":0,"parent":0,"menu_order":0,"comment_status":"closed","ping_status":"closed","template":"","meta":{"footnotes":""},"class_list":["post-189","page","type-page","status-publish","hentry"],"yoast_head":"<!-- This site is optimized with the Yoast SEO plugin v22.1 - https:\/\/yoast.com\/wordpress\/plugins\/seo\/ -->\n<title>Experiencias - VILA MORGADES<\/title>\n<meta name=\"robots\" content=\"index, follow, max-snippet:-1, max-image-preview:large, max-video-preview:-1\" \/>\n<link rel=\"canonical\" href=\"https:\/\/vilamorgades.es\/?page_id=189\" \/>\n<meta property=\"og:locale\" content=\"en_US\" \/>\n<meta property=\"og:type\" content=\"article\" \/>\n<meta property=\"og:title\" content=\"Experiencias - VILA MORGADES\" \/>\n<meta property=\"og:description\" content=\"Visitanos Disfrute con nosotros de unas experiencias incomparables en un entorno natural. Las visitas est\u00e1n disponibles en idioma catal\u00e1n, castellano, &hellip;\" \/>\n<meta property=\"og:url\" content=\"https:\/\/vilamorgades.es\/?page_id=189\" \/>\n<meta property=\"og:site_name\" content=\"VILA MORGADES\" \/>\n<meta property=\"article:modified_time\" content=\"2022-10-21T16:48:28+00:00\" \/>\n<meta property=\"og:image\" content=\"https:\/\/vilamorgades.es\/wp-content\/uploads\/2021\/01\/Cal-Vila-1-scaled.jpg\" \/>\n<meta name=\"twitter:card\" content=\"summary_large_image\" \/>\n<meta name=\"twitter:label1\" content=\"Est. reading time\" \/>\n\t<meta name=\"twitter:data1\" content=\"3 minutes\" \/>\n<script type=\"application\/ld+json\" class=\"yoast-schema-graph\">{\"@context\":\"https:\/\/schema.org\",\"@graph\":[{\"@type\":\"WebPage\",\"@id\":\"https:\/\/vilamorgades.es\/?page_id=189\",\"url\":\"https:\/\/vilamorgades.es\/?page_id=189\",\"name\":\"Experiencias - VILA MORGADES\",\"isPartOf\":{\"@id\":\"https:\/\/vilamorgades.es\/#website\"},\"datePublished\":\"2020-12-31T11:37:04+00:00\",\"dateModified\":\"2022-10-21T16:48:28+00:00\",\"breadcrumb\":{\"@id\":\"https:\/\/vilamorgades.es\/?page_id=189#breadcrumb\"},\"inLanguage\":\"en-US\",\"potentialAction\":[{\"@type\":\"ReadAction\",\"target\":[\"https:\/\/vilamorgades.es\/?page_id=189\"]}]},{\"@type\":\"BreadcrumbList\",\"@id\":\"https:\/\/vilamorgades.es\/?page_id=189#breadcrumb\",\"itemListElement\":[{\"@type\":\"ListItem\",\"position\":1,\"name\":\"Home\",\"item\":\"https:\/\/vilamorgades.es\/\"},{\"@type\":\"ListItem\",\"position\":2,\"name\":\"Experiencias\"}]},{\"@type\":\"WebSite\",\"@id\":\"https:\/\/vilamorgades.es\/#website\",\"url\":\"https:\/\/vilamorgades.es\/\",\"name\":\"VILA MORGADES\",\"description\":\"DES DEL S. XVIII\",\"publisher\":{\"@id\":\"https:\/\/vilamorgades.es\/#organization\"},\"potentialAction\":[{\"@type\":\"SearchAction\",\"target\":{\"@type\":\"EntryPoint\",\"urlTemplate\":\"https:\/\/vilamorgades.es\/?s={search_term_string}\"},\"query-input\":\"required name=search_term_string\"}],\"inLanguage\":\"en-US\"},{\"@type\":\"Organization\",\"@id\":\"https:\/\/vilamorgades.es\/#organization\",\"name\":\"Vila Morgades\",\"url\":\"https:\/\/vilamorgades.es\/\",\"logo\":{\"@type\":\"ImageObject\",\"inLanguage\":\"en-US\",\"@id\":\"https:\/\/vilamorgades.es\/#\/schema\/logo\/image\/\",\"url\":\"https:\/\/vilamorgades.es\/wp-content\/uploads\/2021\/12\/Logo-Vila-Morgades.png\",\"contentUrl\":\"https:\/\/vilamorgades.es\/wp-content\/uploads\/2021\/12\/Logo-Vila-Morgades.png\",\"width\":500,\"height\":500,\"caption\":\"Vila Morgades\"},\"image\":{\"@id\":\"https:\/\/vilamorgades.es\/#\/schema\/logo\/image\/\"},\"sameAs\":[\"https:\/\/www.instagram.com\/vila_morgades\/\"]}]}<\/script>\n<!-- \/ Yoast SEO plugin. -->","yoast_head_json":{"title":"Experiencias - VILA MORGADES","robots":{"index":"index","follow":"follow","max-snippet":"max-snippet:-1","max-image-preview":"max-image-preview:large","max-video-preview":"max-video-preview:-1"},"canonical":"https:\/\/vilamorgades.es\/?page_id=189","og_locale":"en_US","og_type":"article","og_title":"Experiencias - VILA MORGADES","og_description":"Visitanos Disfrute con nosotros de unas experiencias incomparables en un entorno natural. Las visitas est\u00e1n disponibles en idioma catal\u00e1n, castellano, &hellip;","og_url":"https:\/\/vilamorgades.es\/?page_id=189","og_site_name":"VILA MORGADES","article_modified_time":"2022-10-21T16:48:28+00:00","og_image":[{"url":"https:\/\/vilamorgades.es\/wp-content\/uploads\/2021\/01\/Cal-Vila-1-scaled.jpg"}],"twitter_card":"summary_large_image","twitter_misc":{"Est. reading time":"3 minutes"},"schema":{"@context":"https:\/\/schema.org","@graph":[{"@type":"WebPage","@id":"https:\/\/vilamorgades.es\/?page_id=189","url":"https:\/\/vilamorgades.es\/?page_id=189","name":"Experiencias - VILA MORGADES","isPartOf":{"@id":"https:\/\/vilamorgades.es\/#website"},"datePublished":"2020-12-31T11:37:04+00:00","dateModified":"2022-10-21T16:48:28+00:00","breadcrumb":{"@id":"https:\/\/vilamorgades.es\/?page_id=189#breadcrumb"},"inLanguage":"en-US","potentialAction":[{"@type":"ReadAction","target":["https:\/\/vilamorgades.es\/?page_id=189"]}]},{"@type":"BreadcrumbList","@id":"https:\/\/vilamorgades.es\/?page_id=189#breadcrumb","itemListElement":[{"@type":"ListItem","position":1,"name":"Home","item":"https:\/\/vilamorgades.es\/"},{"@type":"ListItem","position":2,"name":"Experiencias"}]},{"@type":"WebSite","@id":"https:\/\/vilamorgades.es\/#website","url":"https:\/\/vilamorgades.es\/","name":"VILA MORGADES","description":"DES DEL S. XVIII","publisher":{"@id":"https:\/\/vilamorgades.es\/#organization"},"potentialAction":[{"@type":"SearchAction","target":{"@type":"EntryPoint","urlTemplate":"https:\/\/vilamorgades.es\/?s={search_term_string}"},"query-input":"required name=search_term_string"}],"inLanguage":"en-US"},{"@type":"Organization","@id":"https:\/\/vilamorgades.es\/#organization","name":"Vila Morgades","url":"https:\/\/vilamorgades.es\/","logo":{"@type":"ImageObject","inLanguage":"en-US","@id":"https:\/\/vilamorgades.es\/#\/schema\/logo\/image\/","url":"https:\/\/vilamorgades.es\/wp-content\/uploads\/2021\/12\/Logo-Vila-Morgades.png","contentUrl":"https:\/\/vilamorgades.es\/wp-content\/uploads\/2021\/12\/Logo-Vila-Morgades.png","width":500,"height":500,"caption":"Vila Morgades"},"image":{"@id":"https:\/\/vilamorgades.es\/#\/schema\/logo\/image\/"},"sameAs":["https:\/\/www.instagram.com\/vila_morgades\/"]}]}},"_links":{"self":[{"href":"https:\/\/vilamorgades.es\/index.php?rest_route=\/wp\/v2\/pages\/189","targetHints":{"allow":["GET"]}}],"collection":[{"href":"https:\/\/vilamorgades.es\/index.php?rest_route=\/wp\/v2\/pages"}],"about":[{"href":"https:\/\/vilamorgades.es\/index.php?rest_route=\/wp\/v2\/types\/page"}],"author":[{"embeddable":true,"href":"https:\/\/vilamorgades.es\/index.php?rest_route=\/wp\/v2\/users\/1"}],"replies":[{"embeddable":true,"href":"https:\/\/vilamorgades.es\/index.php?rest_route=%2Fwp%2Fv2%2Fcomments&post=189"}],"version-history":[{"count":285,"href":"https:\/\/vilamorgades.es\/index.php?rest_route=\/wp\/v2\/pages\/189\/revisions"}],"predecessor-version":[{"id":3354,"href":"https:\/\/vilamorgades.es\/index.php?rest_route=\/wp\/v2\/pages\/189\/revisions\/3354"}],"wp:attachment":[{"href":"https:\/\/vilamorgades.es\/index.php?rest_route=%2Fwp%2Fv2%2Fmedia&parent=189"}],"curies":[{"name":"wp","href":"https:\/\/api.w.org\/{rel}","templated":true}]}}