{"id":1935,"date":"2021-01-20T21:43:14","date_gmt":"2021-01-20T21:43:14","guid":{"rendered":"http:\/\/vilamorgades.es\/?page_id=1935"},"modified":"2022-09-18T17:32:15","modified_gmt":"2022-09-18T17:32:15","slug":"histories-cava-artesanal","status":"publish","type":"page","link":"https:\/\/vilamorgades.es\/?page_id=1935&lang=ca","title":{"rendered":"Hist\u00f2ries"},"content":{"rendered":"\t\t<div data-elementor-type=\"wp-page\" data-elementor-id=\"1935\" class=\"elementor elementor-1935\">\n\t\t\t\t\t\t\t\t\t<section class=\"elementor-section elementor-top-section elementor-element elementor-element-750d9c9 elementor-section-boxed elementor-section-height-default elementor-section-height-default\" data-id=\"750d9c9\" data-element_type=\"section\">\n\t\t\t\t\t\t<div class=\"elementor-container elementor-column-gap-default\">\n\t\t\t\t\t<div class=\"elementor-column elementor-col-100 elementor-top-column elementor-element elementor-element-6a6aafd\" data-id=\"6a6aafd\" data-element_type=\"column\">\n\t\t\t<div class=\"elementor-widget-wrap\">\n\t\t\t\t\t\t\t\t\t<\/div>\n\t\t<\/div>\n\t\t\t\t\t\t\t<\/div>\n\t\t<\/section>\n\t\t\t\t\t\t\t<\/div>\n\t\t","protected":false},"excerpt":{"rendered":"","protected":false},"author":1,"featured_media":0,"parent":0,"menu_order":0,"comment_status":"closed","ping_status":"closed","template":"","meta":{"footnotes":""},"class_list":["post-1935","page","type-page","status-publish","hentry"],"yoast_head":"<!-- This site is optimized with the Yoast SEO plugin v22.1 - https:\/\/yoast.com\/wordpress\/plugins\/seo\/ -->\n<title>Hist\u00f2ries - VILA MORGADES<\/title>\n<meta name=\"description\" content=\"Coneix les hist\u00f2ries que hi ha darrere de Vila Morgades. La fam\u00edlia, els avantpassats, an\u00e8cdotes i curiositats d&#039;aquest cava artesanal.\" \/>\n<meta name=\"robots\" content=\"index, follow, max-snippet:-1, max-image-preview:large, max-video-preview:-1\" \/>\n<link rel=\"canonical\" href=\"https:\/\/vilamorgades.es\/?page_id=1935&lang=ca\" \/>\n<meta property=\"og:locale\" content=\"en_US\" \/>\n<meta property=\"og:type\" content=\"article\" \/>\n<meta property=\"og:title\" content=\"Hist\u00f2ries - VILA MORGADES\" \/>\n<meta property=\"og:description\" content=\"Coneix les hist\u00f2ries que hi ha darrere de Vila Morgades. La fam\u00edlia, els avantpassats, an\u00e8cdotes i curiositats d&#039;aquest cava artesanal.\" \/>\n<meta property=\"og:url\" content=\"https:\/\/vilamorgades.es\/?page_id=1935&amp;lang=ca\" \/>\n<meta property=\"og:site_name\" content=\"VILA MORGADES\" \/>\n<meta property=\"article:modified_time\" content=\"2022-09-18T17:32:15+00:00\" \/>\n<meta name=\"twitter:card\" content=\"summary_large_image\" \/>\n<script type=\"application\/ld+json\" class=\"yoast-schema-graph\">{\"@context\":\"https:\/\/schema.org\",\"@graph\":[{\"@type\":\"WebPage\",\"@id\":\"https:\/\/vilamorgades.es\/?page_id=1935&lang=ca\",\"url\":\"https:\/\/vilamorgades.es\/?page_id=1935&lang=ca\",\"name\":\"Hist\u00f2ries - VILA MORGADES\",\"isPartOf\":{\"@id\":\"https:\/\/vilamorgades.es\/#website\"},\"datePublished\":\"2021-01-20T21:43:14+00:00\",\"dateModified\":\"2022-09-18T17:32:15+00:00\",\"description\":\"Coneix les hist\u00f2ries que hi ha darrere de Vila Morgades. La fam\u00edlia, els avantpassats, an\u00e8cdotes i curiositats d'aquest cava artesanal.\",\"breadcrumb\":{\"@id\":\"https:\/\/vilamorgades.es\/?page_id=1935&lang=ca#breadcrumb\"},\"inLanguage\":\"en-US\",\"potentialAction\":[{\"@type\":\"ReadAction\",\"target\":[\"https:\/\/vilamorgades.es\/?page_id=1935&lang=ca\"]}]},{\"@type\":\"BreadcrumbList\",\"@id\":\"https:\/\/vilamorgades.es\/?page_id=1935&lang=ca#breadcrumb\",\"itemListElement\":[{\"@type\":\"ListItem\",\"position\":1,\"name\":\"Home\",\"item\":\"https:\/\/vilamorgades.es\/\"},{\"@type\":\"ListItem\",\"position\":2,\"name\":\"Hist\u00f2ries\"}]},{\"@type\":\"WebSite\",\"@id\":\"https:\/\/vilamorgades.es\/#website\",\"url\":\"https:\/\/vilamorgades.es\/\",\"name\":\"VILA MORGADES\",\"description\":\"DES DEL S. XVIII\",\"publisher\":{\"@id\":\"https:\/\/vilamorgades.es\/#organization\"},\"potentialAction\":[{\"@type\":\"SearchAction\",\"target\":{\"@type\":\"EntryPoint\",\"urlTemplate\":\"https:\/\/vilamorgades.es\/?s={search_term_string}\"},\"query-input\":\"required name=search_term_string\"}],\"inLanguage\":\"en-US\"},{\"@type\":\"Organization\",\"@id\":\"https:\/\/vilamorgades.es\/#organization\",\"name\":\"Vila Morgades\",\"url\":\"https:\/\/vilamorgades.es\/\",\"logo\":{\"@type\":\"ImageObject\",\"inLanguage\":\"en-US\",\"@id\":\"https:\/\/vilamorgades.es\/#\/schema\/logo\/image\/\",\"url\":\"https:\/\/vilamorgades.es\/wp-content\/uploads\/2021\/12\/Logo-Vila-Morgades.png\",\"contentUrl\":\"https:\/\/vilamorgades.es\/wp-content\/uploads\/2021\/12\/Logo-Vila-Morgades.png\",\"width\":500,\"height\":500,\"caption\":\"Vila Morgades\"},\"image\":{\"@id\":\"https:\/\/vilamorgades.es\/#\/schema\/logo\/image\/\"},\"sameAs\":[\"https:\/\/www.instagram.com\/vila_morgades\/\"]}]}<\/script>\n<!-- \/ Yoast SEO plugin. -->","yoast_head_json":{"title":"Hist\u00f2ries - VILA MORGADES","description":"Coneix les hist\u00f2ries que hi ha darrere de Vila Morgades. La fam\u00edlia, els avantpassats, an\u00e8cdotes i curiositats d'aquest cava artesanal.","robots":{"index":"index","follow":"follow","max-snippet":"max-snippet:-1","max-image-preview":"max-image-preview:large","max-video-preview":"max-video-preview:-1"},"canonical":"https:\/\/vilamorgades.es\/?page_id=1935&lang=ca","og_locale":"en_US","og_type":"article","og_title":"Hist\u00f2ries - VILA MORGADES","og_description":"Coneix les hist\u00f2ries que hi ha darrere de Vila Morgades. La fam\u00edlia, els avantpassats, an\u00e8cdotes i curiositats d'aquest cava artesanal.","og_url":"https:\/\/vilamorgades.es\/?page_id=1935&lang=ca","og_site_name":"VILA MORGADES","article_modified_time":"2022-09-18T17:32:15+00:00","twitter_card":"summary_large_image","schema":{"@context":"https:\/\/schema.org","@graph":[{"@type":"WebPage","@id":"https:\/\/vilamorgades.es\/?page_id=1935&lang=ca","url":"https:\/\/vilamorgades.es\/?page_id=1935&lang=ca","name":"Hist\u00f2ries - VILA MORGADES","isPartOf":{"@id":"https:\/\/vilamorgades.es\/#website"},"datePublished":"2021-01-20T21:43:14+00:00","dateModified":"2022-09-18T17:32:15+00:00","description":"Coneix les hist\u00f2ries que hi ha darrere de Vila Morgades. La fam\u00edlia, els avantpassats, an\u00e8cdotes i curiositats d'aquest cava artesanal.","breadcrumb":{"@id":"https:\/\/vilamorgades.es\/?page_id=1935&lang=ca#breadcrumb"},"inLanguage":"en-US","potentialAction":[{"@type":"ReadAction","target":["https:\/\/vilamorgades.es\/?page_id=1935&lang=ca"]}]},{"@type":"BreadcrumbList","@id":"https:\/\/vilamorgades.es\/?page_id=1935&lang=ca#breadcrumb","itemListElement":[{"@type":"ListItem","position":1,"name":"Home","item":"https:\/\/vilamorgades.es\/"},{"@type":"ListItem","position":2,"name":"Hist\u00f2ries"}]},{"@type":"WebSite","@id":"https:\/\/vilamorgades.es\/#website","url":"https:\/\/vilamorgades.es\/","name":"VILA MORGADES","description":"DES DEL S. XVIII","publisher":{"@id":"https:\/\/vilamorgades.es\/#organization"},"potentialAction":[{"@type":"SearchAction","target":{"@type":"EntryPoint","urlTemplate":"https:\/\/vilamorgades.es\/?s={search_term_string}"},"query-input":"required name=search_term_string"}],"inLanguage":"en-US"},{"@type":"Organization","@id":"https:\/\/vilamorgades.es\/#organization","name":"Vila Morgades","url":"https:\/\/vilamorgades.es\/","logo":{"@type":"ImageObject","inLanguage":"en-US","@id":"https:\/\/vilamorgades.es\/#\/schema\/logo\/image\/","url":"https:\/\/vilamorgades.es\/wp-content\/uploads\/2021\/12\/Logo-Vila-Morgades.png","contentUrl":"https:\/\/vilamorgades.es\/wp-content\/uploads\/2021\/12\/Logo-Vila-Morgades.png","width":500,"height":500,"caption":"Vila Morgades"},"image":{"@id":"https:\/\/vilamorgades.es\/#\/schema\/logo\/image\/"},"sameAs":["https:\/\/www.instagram.com\/vila_morgades\/"]}]}},"_links":{"self":[{"href":"https:\/\/vilamorgades.es\/index.php?rest_route=\/wp\/v2\/pages\/1935","targetHints":{"allow":["GET"]}}],"collection":[{"href":"https:\/\/vilamorgades.es\/index.php?rest_route=\/wp\/v2\/pages"}],"about":[{"href":"https:\/\/vilamorgades.es\/index.php?rest_route=\/wp\/v2\/types\/page"}],"author":[{"embeddable":true,"href":"https:\/\/vilamorgades.es\/index.php?rest_route=\/wp\/v2\/users\/1"}],"replies":[{"embeddable":true,"href":"https:\/\/vilamorgades.es\/index.php?rest_route=%2Fwp%2Fv2%2Fcomments&post=1935"}],"version-history":[{"count":10,"href":"https:\/\/vilamorgades.es\/index.php?rest_route=\/wp\/v2\/pages\/1935\/revisions"}],"predecessor-version":[{"id":2159,"href":"https:\/\/vilamorgades.es\/index.php?rest_route=\/wp\/v2\/pages\/1935\/revisions\/2159"}],"wp:attachment":[{"href":"https:\/\/vilamorgades.es\/index.php?rest_route=%2Fwp%2Fv2%2Fmedia&parent=1935"}],"curies":[{"name":"wp","href":"https:\/\/api.w.org\/{rel}","templated":true}]}}