{"id":38,"date":"2020-12-31T08:05:51","date_gmt":"2020-12-31T08:05:51","guid":{"rendered":"http:\/\/vilamorgades.es\/?page_id=38"},"modified":"2020-12-31T08:05:51","modified_gmt":"2020-12-31T08:05:51","slug":"crea-tu-web-con-bloques","status":"publish","type":"page","link":"https:\/\/vilamorgades.es\/?page_id=38","title":{"rendered":"Vila Morgades"},"content":{"rendered":"\n<p>Somos una empresa familiar del Pened\u00e8s que, desde el siglo XVIII, se esmera en el cultivo de la vid y en la elaboraci\u00f3n de vino de calidad.&nbsp;<\/p>\n\n\n\n<p>El origen de nuestra bodega se remonta a cuando Pere Morgades adquiri\u00f3 Can Vila y Can Morgades en el municipio de Castellv\u00ed de la Marca, dando origen a una larga tradici\u00f3n que culmina con la actual elaboraci\u00f3n de cava, donde la b\u00fasqueda de la excelencia, los procesos exclusivamente artesanales y el cuidado de la tierra y del medio ambiente son nuestros m\u00e9todos de trabajo.&nbsp;<\/p>\n\n\n\n<h2 class=\"alignwide has-text-align-wide has-gigantic-font-size wp-block-heading\" style=\"line-height:1.1\"><\/h2>\n\n\n\n<div class=\"wp-block-image is-style-default\"><figure class=\"aligncenter size-large is-resized\"><img loading=\"lazy\" decoding=\"async\" src=\"http:\/\/localhost\/wordpress\/wp-content\/uploads\/2020\/12\/6D713AC7-15AD-44EB-AC58-420E2FD04F9F_1_201_a-1.jpeg\" alt=\"\" class=\"wp-image-133\" width=\"428\" height=\"570\"\/><figcaption>Vi\u00f1as de Vila Morgades<\/figcaption><\/figure><\/div>\n","protected":false},"excerpt":{"rendered":"<p>Somos una empresa familiar del Pened\u00e8s que, desde el siglo XVIII, se esmera en el cultivo de la vid y &hellip; <\/p>\n","protected":false},"author":1,"featured_media":0,"parent":0,"menu_order":0,"comment_status":"closed","ping_status":"closed","template":"","meta":{"footnotes":""},"class_list":["post-38","page","type-page","status-publish","hentry"],"yoast_head":"<!-- This site is optimized with the Yoast SEO plugin v22.1 - https:\/\/yoast.com\/wordpress\/plugins\/seo\/ -->\n<title>Vila Morgades - VILA MORGADES<\/title>\n<meta name=\"robots\" content=\"index, follow, max-snippet:-1, max-image-preview:large, max-video-preview:-1\" \/>\n<link rel=\"canonical\" href=\"https:\/\/vilamorgades.es\/?page_id=38\" \/>\n<meta property=\"og:locale\" content=\"en_US\" \/>\n<meta property=\"og:type\" content=\"article\" \/>\n<meta property=\"og:title\" content=\"Vila Morgades - VILA MORGADES\" \/>\n<meta property=\"og:description\" content=\"Somos una empresa familiar del Pened\u00e8s que, desde el siglo XVIII, se esmera en el cultivo de la vid y &hellip;\" \/>\n<meta property=\"og:url\" content=\"https:\/\/vilamorgades.es\/?page_id=38\" \/>\n<meta property=\"og:site_name\" content=\"VILA MORGADES\" \/>\n<meta property=\"og:image\" content=\"http:\/\/localhost\/wordpress\/wp-content\/uploads\/2020\/12\/6D713AC7-15AD-44EB-AC58-420E2FD04F9F_1_201_a-1.jpeg\" \/>\n<meta name=\"twitter:card\" content=\"summary_large_image\" \/>\n<meta name=\"twitter:label1\" content=\"Est. reading time\" \/>\n\t<meta name=\"twitter:data1\" content=\"1 minute\" \/>\n<script type=\"application\/ld+json\" class=\"yoast-schema-graph\">{\"@context\":\"https:\/\/schema.org\",\"@graph\":[{\"@type\":\"WebPage\",\"@id\":\"https:\/\/vilamorgades.es\/?page_id=38\",\"url\":\"https:\/\/vilamorgades.es\/?page_id=38\",\"name\":\"Vila Morgades - VILA MORGADES\",\"isPartOf\":{\"@id\":\"https:\/\/vilamorgades.es\/#website\"},\"datePublished\":\"2020-12-31T08:05:51+00:00\",\"dateModified\":\"2020-12-31T08:05:51+00:00\",\"breadcrumb\":{\"@id\":\"https:\/\/vilamorgades.es\/?page_id=38#breadcrumb\"},\"inLanguage\":\"en-US\",\"potentialAction\":[{\"@type\":\"ReadAction\",\"target\":[\"https:\/\/vilamorgades.es\/?page_id=38\"]}]},{\"@type\":\"BreadcrumbList\",\"@id\":\"https:\/\/vilamorgades.es\/?page_id=38#breadcrumb\",\"itemListElement\":[{\"@type\":\"ListItem\",\"position\":1,\"name\":\"Home\",\"item\":\"https:\/\/vilamorgades.es\/\"},{\"@type\":\"ListItem\",\"position\":2,\"name\":\"Vila Morgades\"}]},{\"@type\":\"WebSite\",\"@id\":\"https:\/\/vilamorgades.es\/#website\",\"url\":\"https:\/\/vilamorgades.es\/\",\"name\":\"VILA MORGADES\",\"description\":\"DES DEL S. XVIII\",\"publisher\":{\"@id\":\"https:\/\/vilamorgades.es\/#organization\"},\"potentialAction\":[{\"@type\":\"SearchAction\",\"target\":{\"@type\":\"EntryPoint\",\"urlTemplate\":\"https:\/\/vilamorgades.es\/?s={search_term_string}\"},\"query-input\":\"required name=search_term_string\"}],\"inLanguage\":\"en-US\"},{\"@type\":\"Organization\",\"@id\":\"https:\/\/vilamorgades.es\/#organization\",\"name\":\"Vila Morgades\",\"url\":\"https:\/\/vilamorgades.es\/\",\"logo\":{\"@type\":\"ImageObject\",\"inLanguage\":\"en-US\",\"@id\":\"https:\/\/vilamorgades.es\/#\/schema\/logo\/image\/\",\"url\":\"https:\/\/vilamorgades.es\/wp-content\/uploads\/2021\/12\/Logo-Vila-Morgades.png\",\"contentUrl\":\"https:\/\/vilamorgades.es\/wp-content\/uploads\/2021\/12\/Logo-Vila-Morgades.png\",\"width\":500,\"height\":500,\"caption\":\"Vila Morgades\"},\"image\":{\"@id\":\"https:\/\/vilamorgades.es\/#\/schema\/logo\/image\/\"},\"sameAs\":[\"https:\/\/www.instagram.com\/vila_morgades\/\"]}]}<\/script>\n<!-- \/ Yoast SEO plugin. -->","yoast_head_json":{"title":"Vila Morgades - VILA MORGADES","robots":{"index":"index","follow":"follow","max-snippet":"max-snippet:-1","max-image-preview":"max-image-preview:large","max-video-preview":"max-video-preview:-1"},"canonical":"https:\/\/vilamorgades.es\/?page_id=38","og_locale":"en_US","og_type":"article","og_title":"Vila Morgades - VILA MORGADES","og_description":"Somos una empresa familiar del Pened\u00e8s que, desde el siglo XVIII, se esmera en el cultivo de la vid y &hellip;","og_url":"https:\/\/vilamorgades.es\/?page_id=38","og_site_name":"VILA MORGADES","og_image":[{"url":"http:\/\/localhost\/wordpress\/wp-content\/uploads\/2020\/12\/6D713AC7-15AD-44EB-AC58-420E2FD04F9F_1_201_a-1.jpeg"}],"twitter_card":"summary_large_image","twitter_misc":{"Est. reading time":"1 minute"},"schema":{"@context":"https:\/\/schema.org","@graph":[{"@type":"WebPage","@id":"https:\/\/vilamorgades.es\/?page_id=38","url":"https:\/\/vilamorgades.es\/?page_id=38","name":"Vila Morgades - VILA MORGADES","isPartOf":{"@id":"https:\/\/vilamorgades.es\/#website"},"datePublished":"2020-12-31T08:05:51+00:00","dateModified":"2020-12-31T08:05:51+00:00","breadcrumb":{"@id":"https:\/\/vilamorgades.es\/?page_id=38#breadcrumb"},"inLanguage":"en-US","potentialAction":[{"@type":"ReadAction","target":["https:\/\/vilamorgades.es\/?page_id=38"]}]},{"@type":"BreadcrumbList","@id":"https:\/\/vilamorgades.es\/?page_id=38#breadcrumb","itemListElement":[{"@type":"ListItem","position":1,"name":"Home","item":"https:\/\/vilamorgades.es\/"},{"@type":"ListItem","position":2,"name":"Vila Morgades"}]},{"@type":"WebSite","@id":"https:\/\/vilamorgades.es\/#website","url":"https:\/\/vilamorgades.es\/","name":"VILA MORGADES","description":"DES DEL S. XVIII","publisher":{"@id":"https:\/\/vilamorgades.es\/#organization"},"potentialAction":[{"@type":"SearchAction","target":{"@type":"EntryPoint","urlTemplate":"https:\/\/vilamorgades.es\/?s={search_term_string}"},"query-input":"required name=search_term_string"}],"inLanguage":"en-US"},{"@type":"Organization","@id":"https:\/\/vilamorgades.es\/#organization","name":"Vila Morgades","url":"https:\/\/vilamorgades.es\/","logo":{"@type":"ImageObject","inLanguage":"en-US","@id":"https:\/\/vilamorgades.es\/#\/schema\/logo\/image\/","url":"https:\/\/vilamorgades.es\/wp-content\/uploads\/2021\/12\/Logo-Vila-Morgades.png","contentUrl":"https:\/\/vilamorgades.es\/wp-content\/uploads\/2021\/12\/Logo-Vila-Morgades.png","width":500,"height":500,"caption":"Vila Morgades"},"image":{"@id":"https:\/\/vilamorgades.es\/#\/schema\/logo\/image\/"},"sameAs":["https:\/\/www.instagram.com\/vila_morgades\/"]}]}},"_links":{"self":[{"href":"https:\/\/vilamorgades.es\/index.php?rest_route=\/wp\/v2\/pages\/38","targetHints":{"allow":["GET"]}}],"collection":[{"href":"https:\/\/vilamorgades.es\/index.php?rest_route=\/wp\/v2\/pages"}],"about":[{"href":"https:\/\/vilamorgades.es\/index.php?rest_route=\/wp\/v2\/types\/page"}],"author":[{"embeddable":true,"href":"https:\/\/vilamorgades.es\/index.php?rest_route=\/wp\/v2\/users\/1"}],"replies":[{"embeddable":true,"href":"https:\/\/vilamorgades.es\/index.php?rest_route=%2Fwp%2Fv2%2Fcomments&post=38"}],"version-history":[{"count":0,"href":"https:\/\/vilamorgades.es\/index.php?rest_route=\/wp\/v2\/pages\/38\/revisions"}],"wp:attachment":[{"href":"https:\/\/vilamorgades.es\/index.php?rest_route=%2Fwp%2Fv2%2Fmedia&parent=38"}],"curies":[{"name":"wp","href":"https:\/\/api.w.org\/{rel}","templated":true}]}}