{"id":978,"date":"2021-01-11T09:41:44","date_gmt":"2021-01-11T09:41:44","guid":{"rendered":"http:\/\/vilamorgades.es\/?page_id=978"},"modified":"2022-05-17T11:33:29","modified_gmt":"2022-05-17T11:33:29","slug":"contacte","status":"publish","type":"page","link":"https:\/\/vilamorgades.es\/?page_id=978&lang=ca","title":{"rendered":"Contacte"},"content":{"rendered":"\t\t<div data-elementor-type=\"wp-page\" data-elementor-id=\"978\" class=\"elementor elementor-978\">\n\t\t\t\t\t\t\t\t\t<section class=\"elementor-section elementor-top-section elementor-element elementor-element-407f9fc8 elementor-section-content-top elementor-section-boxed elementor-section-height-default elementor-section-height-default\" data-id=\"407f9fc8\" data-element_type=\"section\">\n\t\t\t\t\t\t<div class=\"elementor-container elementor-column-gap-default\">\n\t\t\t\t\t<div class=\"elementor-column elementor-col-100 elementor-top-column elementor-element elementor-element-5c292063\" data-id=\"5c292063\" data-element_type=\"column\">\n\t\t\t<div class=\"elementor-widget-wrap elementor-element-populated\">\n\t\t\t\t\t\t\t\t<div class=\"elementor-element elementor-element-c118255 elementor-widget elementor-widget-text-editor\" data-id=\"c118255\" data-element_type=\"widget\" data-widget_type=\"text-editor.default\">\n\t\t\t\t<div class=\"elementor-widget-container\">\n\t\t\t\t\t\t\t<p style=\"text-align: left;\">Per reservar una visita, escriu-nos a maria@vilamorgades.com o aqu\u00ed:<\/p>\t\t\t\t\t\t<\/div>\n\t\t\t\t<\/div>\n\t\t\t\t<div class=\"elementor-element elementor-element-6493f05 elementor-widget elementor-widget-wpforms\" data-id=\"6493f05\" data-element_type=\"widget\" data-widget_type=\"wpforms.default\">\n\t\t\t\t<div class=\"elementor-widget-container\">\n\t\t\t<div class=\"wpforms-container \" id=\"wpforms-4\"><form id=\"wpforms-form-4\" class=\"wpforms-validate wpforms-form\" data-formid=\"4\" method=\"post\" enctype=\"multipart\/form-data\" action=\"\/index.php?rest_route=%2Fwp%2Fv2%2Fpages%2F978\" data-token=\"60ec36e0ff8b183649591ca3703a6f3e\" data-token-time=\"1775677956\"><noscript class=\"wpforms-error-noscript\">Please enable JavaScript in your browser to complete this form.<\/noscript><div class=\"wpforms-field-container\"><div id=\"wpforms-4-field_0-container\" class=\"wpforms-field wpforms-field-name\" data-field-id=\"0\"><label class=\"wpforms-field-label wpforms-label-hide\" for=\"wpforms-4-field_0\">Name <span class=\"wpforms-required-label\">*<\/span><\/label><input type=\"text\" id=\"wpforms-4-field_0\" class=\"wpforms-field-medium wpforms-field-required\" name=\"wpforms[fields][0]\" placeholder=\"Name*\" required><\/div><div id=\"wpforms-4-field_1-container\" class=\"wpforms-field wpforms-field-email\" data-field-id=\"1\"><label class=\"wpforms-field-label wpforms-label-hide\" for=\"wpforms-4-field_1\">Email <span class=\"wpforms-required-label\">*<\/span><\/label><input type=\"email\" id=\"wpforms-4-field_1\" class=\"wpforms-field-large wpforms-field-required\" name=\"wpforms[fields][1]\" placeholder=\"Email*\" spellcheck=\"false\" required><\/div><div id=\"wpforms-4-field_2-container\" class=\"wpforms-field wpforms-field-textarea\" data-field-id=\"2\"><label class=\"wpforms-field-label wpforms-label-hide\" for=\"wpforms-4-field_2\">Message <span class=\"wpforms-required-label\">*<\/span><\/label><textarea id=\"wpforms-4-field_2\" class=\"wpforms-field-medium wpforms-field-required\" name=\"wpforms[fields][2]\" placeholder=\"Message\" required><\/textarea><\/div><\/div><!-- .wpforms-field-container --><div class=\"wpforms-field wpforms-field-hp\"><label for=\"wpforms-4-field-hp\" class=\"wpforms-field-label\">Email<\/label><input type=\"text\" name=\"wpforms[hp]\" id=\"wpforms-4-field-hp\" class=\"wpforms-field-medium\"><\/div><div class=\"wpforms-submit-container\" ><input type=\"hidden\" name=\"wpforms[id]\" value=\"4\"><input type=\"hidden\" name=\"page_title\" value=\"\"><input type=\"hidden\" name=\"page_url\" value=\"https:\/\/vilamorgades.es\/index.php?rest_route=\/wp\/v2\/pages\/978\"><input type=\"hidden\" name=\"url_referer\" value=\"\"><button type=\"submit\" name=\"wpforms[submit]\" id=\"wpforms-submit-4\" class=\"wpforms-submit\" data-alt-text=\"Sending...\" data-submit-text=\"Send\" aria-live=\"assertive\" value=\"wpforms-submit\">Send<\/button><\/div><\/form><\/div>  <!-- .wpforms-container -->\t\t<\/div>\n\t\t\t\t<\/div>\n\t\t\t\t\t<\/div>\n\t\t<\/div>\n\t\t\t\t\t\t\t<\/div>\n\t\t<\/section>\n\t\t\t\t<section class=\"elementor-section elementor-top-section elementor-element elementor-element-ea5d006 elementor-section-boxed elementor-section-height-default elementor-section-height-default\" data-id=\"ea5d006\" data-element_type=\"section\">\n\t\t\t\t\t\t<div class=\"elementor-container elementor-column-gap-default\">\n\t\t\t\t\t<div class=\"elementor-column elementor-col-66 elementor-top-column elementor-element elementor-element-49fdc9e\" data-id=\"49fdc9e\" data-element_type=\"column\">\n\t\t\t<div class=\"elementor-widget-wrap elementor-element-populated\">\n\t\t\t\t\t\t\t\t<div class=\"elementor-element elementor-element-5d41830 elementor-widget elementor-widget-google_maps\" data-id=\"5d41830\" data-element_type=\"widget\" data-widget_type=\"google_maps.default\">\n\t\t\t\t<div class=\"elementor-widget-container\">\n\t\t\t\t\t<div class=\"elementor-custom-embed\">\n\t\t\t<iframe loading=\"lazy\"\n\t\t\t\t\tsrc=\"https:\/\/maps.google.com\/maps?q=41.342529002730515%2C%201.6246715243440122&#038;t=m&#038;z=10&#038;output=embed&#038;iwloc=near\"\n\t\t\t\t\ttitle=\"41.342529002730515, 1.6246715243440122\"\n\t\t\t\t\taria-label=\"41.342529002730515, 1.6246715243440122\"\n\t\t\t><\/iframe>\n\t\t<\/div>\n\t\t\t\t<\/div>\n\t\t\t\t<\/div>\n\t\t\t\t\t<\/div>\n\t\t<\/div>\n\t\t\t\t<div class=\"elementor-column elementor-col-33 elementor-top-column elementor-element elementor-element-a2d35e1\" data-id=\"a2d35e1\" data-element_type=\"column\">\n\t\t\t<div class=\"elementor-widget-wrap elementor-element-populated\">\n\t\t\t\t\t\t\t\t<div class=\"elementor-element elementor-element-0f50316 elementor-widget elementor-widget-text-editor\" data-id=\"0f50316\" data-element_type=\"widget\" data-widget_type=\"text-editor.default\">\n\t\t\t\t<div class=\"elementor-widget-container\">\n\t\t\t\t\t\t\t<h5><font color=\"#993366\">Direcci\u00f3:<\/font><\/h5><h6>Cal Vila,&nbsp;Carretera BV2128, km. 2.5<\/h6>\n<h6>Castellv\u00ed de la Marca, 08732<\/h6>\n<h6>Barcelona<\/h6>\n<h5><span style=\"color: #993366;\">Email:<\/span><\/h5>\n<h6>maria@vilamorgades.com<\/h6>\n<h6>carles@vilamorgades.com<\/h6>\t\t\t\t\t\t<\/div>\n\t\t\t\t<\/div>\n\t\t\t\t\t<\/div>\n\t\t<\/div>\n\t\t\t\t\t\t\t<\/div>\n\t\t<\/section>\n\t\t\t\t<section class=\"elementor-section elementor-top-section elementor-element elementor-element-36a2ca4 elementor-section-boxed elementor-section-height-default elementor-section-height-default\" data-id=\"36a2ca4\" data-element_type=\"section\">\n\t\t\t\t\t\t<div class=\"elementor-container elementor-column-gap-default\">\n\t\t\t\t\t\t\t\t<\/div>\n\t\t<\/section>\n\t\t\t\t\t\t\t<\/div>\n\t\t","protected":false},"excerpt":{"rendered":"<p>Per reservar una visita, escriu-nos a maria@vilamorgades.com o aqu\u00ed: Direcci\u00f3: Cal Vila,&nbsp;Carretera BV2128, km. 2.5 Castellv\u00ed de la Marca, 08732 &hellip; <\/p>\n","protected":false},"author":1,"featured_media":0,"parent":0,"menu_order":0,"comment_status":"closed","ping_status":"closed","template":"","meta":{"footnotes":""},"class_list":["post-978","page","type-page","status-publish","hentry"],"yoast_head":"<!-- This site is optimized with the Yoast SEO plugin v22.1 - https:\/\/yoast.com\/wordpress\/plugins\/seo\/ -->\n<title>Contacte - VILA MORGADES<\/title>\n<meta name=\"description\" content=\"Per contactar amb nosaltres, reservar una visita o qualsevol altre motiu, pots fer-ho escrivint-nos a: maria@vilamorgades.com o carles@vilamorgades.com\" \/>\n<meta name=\"robots\" content=\"index, follow, max-snippet:-1, max-image-preview:large, max-video-preview:-1\" \/>\n<link rel=\"canonical\" href=\"https:\/\/vilamorgades.es\/?page_id=978&lang=ca\" \/>\n<meta property=\"og:locale\" content=\"en_US\" \/>\n<meta property=\"og:type\" content=\"article\" \/>\n<meta property=\"og:title\" content=\"Contacte - VILA MORGADES\" \/>\n<meta property=\"og:description\" content=\"Per contactar amb nosaltres, reservar una visita o qualsevol altre motiu, pots fer-ho escrivint-nos a: maria@vilamorgades.com o carles@vilamorgades.com\" \/>\n<meta property=\"og:url\" content=\"https:\/\/vilamorgades.es\/?page_id=978&amp;lang=ca\" \/>\n<meta property=\"og:site_name\" content=\"VILA MORGADES\" \/>\n<meta property=\"article:modified_time\" content=\"2022-05-17T11:33:29+00:00\" \/>\n<meta name=\"twitter:card\" content=\"summary_large_image\" \/>\n<meta name=\"twitter:label1\" content=\"Est. reading time\" \/>\n\t<meta name=\"twitter:data1\" content=\"1 minute\" \/>\n<script type=\"application\/ld+json\" class=\"yoast-schema-graph\">{\"@context\":\"https:\/\/schema.org\",\"@graph\":[{\"@type\":\"WebPage\",\"@id\":\"https:\/\/vilamorgades.es\/?page_id=978&lang=ca\",\"url\":\"https:\/\/vilamorgades.es\/?page_id=978&lang=ca\",\"name\":\"Contacte - VILA MORGADES\",\"isPartOf\":{\"@id\":\"https:\/\/vilamorgades.es\/#website\"},\"datePublished\":\"2021-01-11T09:41:44+00:00\",\"dateModified\":\"2022-05-17T11:33:29+00:00\",\"description\":\"Per contactar amb nosaltres, reservar una visita o qualsevol altre motiu, pots fer-ho escrivint-nos a: maria@vilamorgades.com o carles@vilamorgades.com\",\"breadcrumb\":{\"@id\":\"https:\/\/vilamorgades.es\/?page_id=978&lang=ca#breadcrumb\"},\"inLanguage\":\"en-US\",\"potentialAction\":[{\"@type\":\"ReadAction\",\"target\":[\"https:\/\/vilamorgades.es\/?page_id=978&lang=ca\"]}]},{\"@type\":\"BreadcrumbList\",\"@id\":\"https:\/\/vilamorgades.es\/?page_id=978&lang=ca#breadcrumb\",\"itemListElement\":[{\"@type\":\"ListItem\",\"position\":1,\"name\":\"Home\",\"item\":\"https:\/\/vilamorgades.es\/\"},{\"@type\":\"ListItem\",\"position\":2,\"name\":\"Contacte\"}]},{\"@type\":\"WebSite\",\"@id\":\"https:\/\/vilamorgades.es\/#website\",\"url\":\"https:\/\/vilamorgades.es\/\",\"name\":\"VILA MORGADES\",\"description\":\"DES DEL S. XVIII\",\"publisher\":{\"@id\":\"https:\/\/vilamorgades.es\/#organization\"},\"potentialAction\":[{\"@type\":\"SearchAction\",\"target\":{\"@type\":\"EntryPoint\",\"urlTemplate\":\"https:\/\/vilamorgades.es\/?s={search_term_string}\"},\"query-input\":\"required name=search_term_string\"}],\"inLanguage\":\"en-US\"},{\"@type\":\"Organization\",\"@id\":\"https:\/\/vilamorgades.es\/#organization\",\"name\":\"Vila Morgades\",\"url\":\"https:\/\/vilamorgades.es\/\",\"logo\":{\"@type\":\"ImageObject\",\"inLanguage\":\"en-US\",\"@id\":\"https:\/\/vilamorgades.es\/#\/schema\/logo\/image\/\",\"url\":\"https:\/\/vilamorgades.es\/wp-content\/uploads\/2021\/12\/Logo-Vila-Morgades.png\",\"contentUrl\":\"https:\/\/vilamorgades.es\/wp-content\/uploads\/2021\/12\/Logo-Vila-Morgades.png\",\"width\":500,\"height\":500,\"caption\":\"Vila Morgades\"},\"image\":{\"@id\":\"https:\/\/vilamorgades.es\/#\/schema\/logo\/image\/\"},\"sameAs\":[\"https:\/\/www.instagram.com\/vila_morgades\/\"]}]}<\/script>\n<!-- \/ Yoast SEO plugin. -->","yoast_head_json":{"title":"Contacte - VILA MORGADES","description":"Per contactar amb nosaltres, reservar una visita o qualsevol altre motiu, pots fer-ho escrivint-nos a: maria@vilamorgades.com o carles@vilamorgades.com","robots":{"index":"index","follow":"follow","max-snippet":"max-snippet:-1","max-image-preview":"max-image-preview:large","max-video-preview":"max-video-preview:-1"},"canonical":"https:\/\/vilamorgades.es\/?page_id=978&lang=ca","og_locale":"en_US","og_type":"article","og_title":"Contacte - VILA MORGADES","og_description":"Per contactar amb nosaltres, reservar una visita o qualsevol altre motiu, pots fer-ho escrivint-nos a: maria@vilamorgades.com o carles@vilamorgades.com","og_url":"https:\/\/vilamorgades.es\/?page_id=978&lang=ca","og_site_name":"VILA MORGADES","article_modified_time":"2022-05-17T11:33:29+00:00","twitter_card":"summary_large_image","twitter_misc":{"Est. reading time":"1 minute"},"schema":{"@context":"https:\/\/schema.org","@graph":[{"@type":"WebPage","@id":"https:\/\/vilamorgades.es\/?page_id=978&lang=ca","url":"https:\/\/vilamorgades.es\/?page_id=978&lang=ca","name":"Contacte - VILA MORGADES","isPartOf":{"@id":"https:\/\/vilamorgades.es\/#website"},"datePublished":"2021-01-11T09:41:44+00:00","dateModified":"2022-05-17T11:33:29+00:00","description":"Per contactar amb nosaltres, reservar una visita o qualsevol altre motiu, pots fer-ho escrivint-nos a: maria@vilamorgades.com o carles@vilamorgades.com","breadcrumb":{"@id":"https:\/\/vilamorgades.es\/?page_id=978&lang=ca#breadcrumb"},"inLanguage":"en-US","potentialAction":[{"@type":"ReadAction","target":["https:\/\/vilamorgades.es\/?page_id=978&lang=ca"]}]},{"@type":"BreadcrumbList","@id":"https:\/\/vilamorgades.es\/?page_id=978&lang=ca#breadcrumb","itemListElement":[{"@type":"ListItem","position":1,"name":"Home","item":"https:\/\/vilamorgades.es\/"},{"@type":"ListItem","position":2,"name":"Contacte"}]},{"@type":"WebSite","@id":"https:\/\/vilamorgades.es\/#website","url":"https:\/\/vilamorgades.es\/","name":"VILA MORGADES","description":"DES DEL S. XVIII","publisher":{"@id":"https:\/\/vilamorgades.es\/#organization"},"potentialAction":[{"@type":"SearchAction","target":{"@type":"EntryPoint","urlTemplate":"https:\/\/vilamorgades.es\/?s={search_term_string}"},"query-input":"required name=search_term_string"}],"inLanguage":"en-US"},{"@type":"Organization","@id":"https:\/\/vilamorgades.es\/#organization","name":"Vila Morgades","url":"https:\/\/vilamorgades.es\/","logo":{"@type":"ImageObject","inLanguage":"en-US","@id":"https:\/\/vilamorgades.es\/#\/schema\/logo\/image\/","url":"https:\/\/vilamorgades.es\/wp-content\/uploads\/2021\/12\/Logo-Vila-Morgades.png","contentUrl":"https:\/\/vilamorgades.es\/wp-content\/uploads\/2021\/12\/Logo-Vila-Morgades.png","width":500,"height":500,"caption":"Vila Morgades"},"image":{"@id":"https:\/\/vilamorgades.es\/#\/schema\/logo\/image\/"},"sameAs":["https:\/\/www.instagram.com\/vila_morgades\/"]}]}},"_links":{"self":[{"href":"https:\/\/vilamorgades.es\/index.php?rest_route=\/wp\/v2\/pages\/978","targetHints":{"allow":["GET"]}}],"collection":[{"href":"https:\/\/vilamorgades.es\/index.php?rest_route=\/wp\/v2\/pages"}],"about":[{"href":"https:\/\/vilamorgades.es\/index.php?rest_route=\/wp\/v2\/types\/page"}],"author":[{"embeddable":true,"href":"https:\/\/vilamorgades.es\/index.php?rest_route=\/wp\/v2\/users\/1"}],"replies":[{"embeddable":true,"href":"https:\/\/vilamorgades.es\/index.php?rest_route=%2Fwp%2Fv2%2Fcomments&post=978"}],"version-history":[{"count":69,"href":"https:\/\/vilamorgades.es\/index.php?rest_route=\/wp\/v2\/pages\/978\/revisions"}],"predecessor-version":[{"id":3286,"href":"https:\/\/vilamorgades.es\/index.php?rest_route=\/wp\/v2\/pages\/978\/revisions\/3286"}],"wp:attachment":[{"href":"https:\/\/vilamorgades.es\/index.php?rest_route=%2Fwp%2Fv2%2Fmedia&parent=978"}],"curies":[{"name":"wp","href":"https:\/\/api.w.org\/{rel}","templated":true}]}}